{"id":11210,"date":"2023-05-22T06:10:27","date_gmt":"2023-05-22T06:10:27","guid":{"rendered":"https:\/\/solispro.eu\/?post_type=product&#038;p=11210"},"modified":"2023-06-06T11:11:59","modified_gmt":"2023-06-06T11:11:59","slug":"11210","status":"publish","type":"product","link":"https:\/\/solispro.eu\/en\/shop\/saules-elektriniu-rezervacija\/11210\/","title":{"rendered":"19,98 kW saul\u0117s elektrin\u0117s Jinko 425 REZERVACIJA"},"content":{"rendered":"","protected":false},"excerpt":{"rendered":"<p>Jeigu laukiate APVA paramos patvirtinimo ir norite \u012fsigyti saul\u0117s elektrin\u0119 geriausia kaina &#8211; neb\u0117da! Si\u016blome rezervuoti saul\u0117s elektrin\u0117s kain\u0105 ir ramiai laukti kol gausite atsakym\u0105 i\u0161 APVA.<\/p>\n<p>Kaip veikia rezervacija:<br \/>\nPerkate Jums tinkan\u010dios saul\u0117s elektrin\u0117s rezervacij\u0105, rezervacija galioja 6 m\u0117nesius, bet kuriuo metu \u0161iame laikotarpyje galite sumok\u0117ti vis\u0105 saul\u0117s elektrin\u0117s kain\u0105 ir j\u0105 \u012fsigyti nepasibaigus rezervacijos galiojimui. Rezervacijos mokestis yra \u012fskai\u010diuotas \u012f saul\u0117s elektrin\u0117s kain\u0105, tad rezervuodami nieko papildomai nei\u0161leisite. Jeigu per rezervacijos termin\u0105 saul\u0117s elektrin\u0117s ne\u012fsigyjate rezervacija at\u0161aukiama, o rezervacijos mokestis n\u0117ra gr\u0105\u017einamas.<\/p>\n<p><strong>SAUL\u0116S ELEKTRIN\u0116S KAINA 10590,00<\/strong><\/p>\n<p>Apie saul\u0117s elektrin\u0119<\/p>\n<div class=\"woocommerce-product-details__short-description\">\n<p>19,98 kW galingumo saul\u0117s elektrin\u0117 su inverteriu<br \/>\nKomplekt\u0105 sudaro:<br \/>\n47 vnt. saul\u0117s moduli\u0173 JINKO JMK425N-54HL4-V BF\/mono N-Type 425 W. Monokristaliniai saul\u0117s moduliai, kuri\u0173 kiekvieno naudingumo koeficientas 21,48%, sudaryti i\u0161 108 celi\u0173, pavir\u0161ius dengtas stiklu;<br \/>\n20 kW trifazis inverteris FoxESS T20. Inverteris pritaikys saul\u0117s moduli\u0173 sugeneruot\u0105 elektros energij\u0105 J\u016bs\u0173 b\u016bstui \u2013 i\u0161 nuolatin\u0117s srov\u0117s (DC) pakeis j\u0105 \u012f kintam\u0105 (AC), kuri\u0105 naudoja buitiniai prietaisai;<br \/>\nSaul\u0117s moduliams suteikiama 15 met\u0173 garantija ir ne ma\u017eiau kaip 30 met\u0173 80% efektyvumo garantij\u0105. Inverteriui, kurio efektyvumas siekia 98,6 %, suteikiama 12 met\u0173 garantija.<\/p>\n<p>Reikiamas stogo plotas elektrinei: 92 m2<\/p>\n<p>Montavimo paslauga u\u017esakoma atskirai ir \u012f saul\u0117s elektrin\u0117s kaina ne\u012feina.<\/p>\n<p>\u012e montavimo paslaugos kain\u0105 \u012fskai\u010diuota:<\/p>\n<ul>\n<li>Moduli\u0173 laikikliai parinkti pagal J\u016bs\u0173 namo stogo specifik\u0105<\/li>\n<li>Kabelis DC 4-6 mm2 skirtas sujungti saul\u0117s modulius su inverteriu.<\/li>\n<li>Kabelis AC skirtas sujungti inverter\u012f su J\u016bs\u0173 namo elektros \u012fvadu.<\/li>\n<li>MC4 tipo greito sujungimo jungtys saul\u0117s elektrin\u0117ms, DC dalies elektros instaliacijai;<\/li>\n<\/ul>\n<\/div>\n","protected":false},"featured_media":11227,"template":"","meta":[],"product_brand":[],"product_cat":[187],"product_tag":[],"class_list":{"0":"post-11210","1":"product","2":"type-product","3":"status-publish","4":"has-post-thumbnail","6":"product_cat-saules-elektriniu-rezervacija","8":"first","9":"instock","10":"shipping-taxable","11":"purchasable","12":"product-type-simple"},"_links":{"self":[{"href":"https:\/\/solispro.eu\/en\/wp-json\/wp\/v2\/product\/11210","targetHints":{"allow":["GET"]}}],"collection":[{"href":"https:\/\/solispro.eu\/en\/wp-json\/wp\/v2\/product"}],"about":[{"href":"https:\/\/solispro.eu\/en\/wp-json\/wp\/v2\/types\/product"}],"wp:featuredmedia":[{"embeddable":true,"href":"https:\/\/solispro.eu\/en\/wp-json\/wp\/v2\/media\/11227"}],"wp:attachment":[{"href":"https:\/\/solispro.eu\/en\/wp-json\/wp\/v2\/media?parent=11210"}],"wp:term":[{"taxonomy":"product_brand","embeddable":true,"href":"https:\/\/solispro.eu\/en\/wp-json\/wp\/v2\/product_brand?post=11210"},{"taxonomy":"product_cat","embeddable":true,"href":"https:\/\/solispro.eu\/en\/wp-json\/wp\/v2\/product_cat?post=11210"},{"taxonomy":"product_tag","embeddable":true,"href":"https:\/\/solispro.eu\/en\/wp-json\/wp\/v2\/product_tag?post=11210"}],"curies":[{"name":"wp","href":"https:\/\/api.w.org\/{rel}","templated":true}]}}